{"id":127,"date":"2016-12-02T11:17:10","date_gmt":"2016-12-02T10:17:10","guid":{"rendered":"http:\/\/aglae.org\/?page_id=127"},"modified":"2024-04-11T11:30:58","modified_gmt":"2024-04-11T09:30:58","slug":"le-fonctionnement","status":"publish","type":"page","link":"https:\/\/aglae.org\/index.php\/le-fonctionnement\/","title":{"rendered":"Le fonctionnement"},"content":{"rendered":"<h3>Quelques recommandations<\/h3>\n<ul>\n<li style=\"text-align: justify;\">Pour les plus petits, les doudous sont les bienvenus.<\/li>\n<li style=\"text-align: justify;\">Ne laisser aux enfants ni objets pr\u00e9cieux, ni argent, ni t\u00e9l\u00e9phone portable.<\/li>\n<li style=\"text-align: justify;\">Habiller les enfants de v\u00eatements pratiques, non fragiles et adapt\u00e9s \u00e0 la m\u00e9t\u00e9o (chaussures ferm\u00e9es, pas de claquettes, chapeau, bonnet\u2026). Une paire de bottes sera apport\u00e9e au besoin dans un sac plastique.<\/li>\n<li style=\"text-align: justify;\">Marquer les v\u00eatements au nom de l\u2019enfant.<\/li>\n<li style=\"text-align: justify;\">Traiter au plus vite les enfants porteurs de poux et \u00e9viter les \u00e9changes de chapeaux, casquettes, bonnets.<a href=\"http:\/\/aglae.org\/index.php\/pedagogie\/\">P\u00e9dagogie<\/a>\n<p><a href=\"http:\/\/aglae.org\/index.php\/responsabilite\/\">Responsabilit\u00e9<\/a><\/p>\n<p><a href=\"http:\/\/aglae.org\/index.php\/inscriptions-et-tarifs\/\">Inscriptions et tarifs<\/a><\/li>\n<\/ul>\n","protected":false},"excerpt":{"rendered":"<p>Quelques recommandations Pour les plus petits, les doudous sont les <a class=\"more-link\" href=\"https:\/\/aglae.org\/index.php\/le-fonctionnement\/\">En savoir plus&#8230;<\/a><\/p>\n","protected":false},"author":1,"featured_media":0,"parent":0,"menu_order":0,"comment_status":"closed","ping_status":"closed","template":"","meta":[],"_links":{"self":[{"href":"https:\/\/aglae.org\/index.php\/wp-json\/wp\/v2\/pages\/127"}],"collection":[{"href":"https:\/\/aglae.org\/index.php\/wp-json\/wp\/v2\/pages"}],"about":[{"href":"https:\/\/aglae.org\/index.php\/wp-json\/wp\/v2\/types\/page"}],"author":[{"embeddable":true,"href":"https:\/\/aglae.org\/index.php\/wp-json\/wp\/v2\/users\/1"}],"replies":[{"embeddable":true,"href":"https:\/\/aglae.org\/index.php\/wp-json\/wp\/v2\/comments?post=127"}],"version-history":[{"count":7,"href":"https:\/\/aglae.org\/index.php\/wp-json\/wp\/v2\/pages\/127\/revisions"}],"predecessor-version":[{"id":946,"href":"https:\/\/aglae.org\/index.php\/wp-json\/wp\/v2\/pages\/127\/revisions\/946"}],"wp:attachment":[{"href":"https:\/\/aglae.org\/index.php\/wp-json\/wp\/v2\/media?parent=127"}],"curies":[{"name":"wp","href":"https:\/\/api.w.org\/{rel}","templated":true}]}}