{"id":85,"date":"2016-12-02T11:04:44","date_gmt":"2016-12-02T10:04:44","guid":{"rendered":"http:\/\/aglae.org\/?page_id=85"},"modified":"2017-05-12T15:22:09","modified_gmt":"2017-05-12T13:22:09","slug":"les-benevoles","status":"publish","type":"page","link":"https:\/\/aglae.org\/index.php\/les-benevoles\/","title":{"rendered":"Les b\u00e9n\u00e9voles"},"content":{"rendered":"<h3><strong>REJOINDRE L<\/strong><strong>E<\/strong><strong> C<\/strong><strong>ONSEIL<\/strong> <strong>D<\/strong><strong>\u2019A<\/strong><strong>DMINISTRATION<\/strong><strong> D\u2019AGLAE<br \/>\n<\/strong><\/h3>\n<p><strong>Chacun s\u2019engage \u00e0 hauteur de ses disponibilit\u00e9s. <\/strong><\/p>\n<p>&nbsp;<\/p>\n<p><strong><u>C\u2019EST QUOI le \u00ab\u00a0C.A\u00a0\u00bb\u00a0?<\/u><\/strong><\/p>\n<p>Le Conseil d\u2019Administration d\u2019AGLAE est compos\u00e9 actuellement de 18 personnes :<\/p>\n<ul>\n<li>10 au coll\u00e8ge des membres usagers (membres \u00e9lus)<\/li>\n<li>6 au coll\u00e8ge des membres actifs (membres \u00e9lus)<\/li>\n<li>2 repr\u00e9sentants de la municipalit\u00e9 de Giberville (membres de Droit)<\/li>\n<\/ul>\n<p>Ce Conseil d\u2019Administration est \u00e9lu par l\u2019Assembl\u00e9e G\u00e9n\u00e9rale (l\u2019\u00a0\u00ab\u00a0AG\u00a0\u00bb) pour 2 ans.<\/p>\n<p>On le renouvelle par moiti\u00e9 chaque ann\u00e9e.<\/p>\n<p>Le CA se r\u00e9unit environ 1 fois entre chaque p\u00e9riode de vacances <em>(un soir en semaine,vers 18h30\/19h) <\/em>soit environ 6 fois par an.<\/p>\n<p>Il fixe les grandes orientations que prendra l\u2019Association\u00a0: il fait le point sur les projets et prend les d\u00e9cisions globales.<\/p>\n<p>&nbsp;<\/p>\n<p><strong><u>C\u2019EST QUOI LE \u00ab\u00a0Bureau\u00a0\u00bb\u00a0?<\/u><\/strong><\/p>\n<p>Au sein du CA, parmi les volontaires, on \u00e9lit les 6 membres du Bureau, qui auront une fonction particuli\u00e8re. Le Bureau est r\u00e9\u00e9lu chaque ann\u00e9e\u00a0: pr\u00e9sident, vice-pr\u00e9sident, tr\u00e9sorier,\u00a0 tr\u00e9sorier adjoint, secr\u00e9taire, secr\u00e9taire adjoint.<\/p>\n<p>Il se r\u00e9unit une fois par mois <em>(un soir en semaine, vers 18h30\/19h) <\/em>et g\u00e8re les affaires courantes de l\u2019Association.<\/p>\n<p>Il est pr\u00e9sid\u00e9 par le Pr\u00e9sident \u00e9lu.<\/p>\n<p>&nbsp;<\/p>\n<p><strong><u>C\u2019EST QUOI LES \u00ab\u00a0Commissions\u00a0\u00bb\u00a0?<\/u><\/strong><\/p>\n<p>Depuis plusieurs ann\u00e9es, 5 commissions alimentent les r\u00e9flexions du bureau et du Conseil d\u2019Administration\u00a0:<\/p>\n<ul>\n<li>La commission \u00ab personnel \u00bb, charg\u00e9e du recrutement du personnel permanent, du suivi et de la formation des salari\u00e9s, du conventionnement avec la ville \u2026.<\/li>\n<li>La commission \u00ab vie associative \u00bb, qui se charge des manifestations exceptionnelles et autres rencontres conviviales de l\u2019Association.<\/li>\n<li>La commission \u00ab p\u00e9dagogique \u00bb, charg\u00e9e notamment de l\u2019\u00e9criture et de l\u2019\u00e9valuation du projet \u00e9ducatif, de la communication \u2026 .<\/li>\n<li>La commission \u00ab budg\u00e9taire \u00bb, \u00e0 qui revient l\u2019\u00e9laboration et le suivi des \u00e9l\u00e9ments financiers de l\u2019Association.<\/li>\n<li>La commission \u00ab animateurs \u00bb, charg\u00e9e de faire remonter les attentes et les propositions des animateurs volontaires au Conseil d\u2019Administration.<\/li>\n<\/ul>\n<p>Elles se r\u00e9unissent environ 6 fois par an, en fonction de l\u2019avanc\u00e9e du Projet et des besoins <em>(un soir en semaine, vers 18h30\/19h)<\/em>.<\/p>\n<p>Chaque membre du CA rejoint la ou les commissions qu\u2019il(s) souhaite(nt) pour participer aux r\u00e9flexions et \u00e0 l\u2019avanc\u00e9e de la vie associative.<\/p>\n<p><strong>Pour vous permettre de participer aux r\u00e9unions du CA et Commissions, nous proposons que vos enfants puissent \u00eatre gard\u00e9s par un animateur au Centre AGLAE.<\/strong><\/p>\n<p>&nbsp;<\/p>\n<h3><strong>R\u00f4le du b\u00e9n\u00e9vole, membre du CA :<\/strong><\/h3>\n<ul>\n<li>le b\u00e9n\u00e9vole est \u00e9lu lors de l\u2019Assembl\u00e9e G\u00e9n\u00e9rale de l\u2019association qui a lieu une fois par an. Il est \u00e9lu par les adh\u00e9rents de l\u2019association (membres usagers, membres actifs, membres de droit).<\/li>\n<li>il doit d\u00e9fendre le projet \u00e9ducatif car il est porteur d\u2019id\u00e9aux et doit les mettre en avant.<\/li>\n<li>il participe \u00e0 la globalit\u00e9 des d\u00e9cisions de l\u2019Association, assure et assume les d\u00e9cisions prises collectivement. Il fixe les choix politiques de l\u2019association notamment en mati\u00e8re de gestion du personnel (conditions de travail, horaires, formations professionnelle,..).<\/li>\n<li>Il doit assurer la p\u00e9rennisation de l\u2019association en assurant la \u00ab\u00a0rel\u00e8ve\u00a0\u00bb et en int\u00e9grant au m\u00eame titre que les professionnels les nouveaux membres du Conseil d\u2019Administration.<\/li>\n<li>il doit promouvoir l\u2019association en dehors des murs d\u2019AGLAE.<\/li>\n<li>il peut \u00eatre sollicit\u00e9 pour\u00a0:<\/li>\n<\/ul>\n<p>&#8211; mettre en avant ses comp\u00e9tences, ses connaissances, son savoir-faire.<\/p>\n<p>&#8211; S\u2019assurer du suivi r\u00e9gulier et rigoureux de la comptabilit\u00e9.<\/p>\n<p>&#8211; Servir \u00e9ventuellement d\u2019interlocuteur aupr\u00e8s des diff\u00e9rents acteurs de la ville de Giberville.<\/p>\n<p>&#8211; Participer aux manifestations exceptionnelles.<\/p>\n<p>&#8211; S\u2019impliquer sur diff\u00e9rentes t\u00e2ches inh\u00e9rentes au fonctionnement de l\u2019association en fonction de ses envies et de ses possibilit\u00e9s<\/p>\n","protected":false},"excerpt":{"rendered":"<p>REJOINDRE LE CONSEIL D\u2019ADMINISTRATION D\u2019AGLAE Chacun s\u2019engage \u00e0 hauteur de <a class=\"more-link\" href=\"https:\/\/aglae.org\/index.php\/les-benevoles\/\">En savoir plus&#8230;<\/a><\/p>\n","protected":false},"author":1,"featured_media":0,"parent":0,"menu_order":0,"comment_status":"closed","ping_status":"closed","template":"","meta":[],"_links":{"self":[{"href":"https:\/\/aglae.org\/index.php\/wp-json\/wp\/v2\/pages\/85"}],"collection":[{"href":"https:\/\/aglae.org\/index.php\/wp-json\/wp\/v2\/pages"}],"about":[{"href":"https:\/\/aglae.org\/index.php\/wp-json\/wp\/v2\/types\/page"}],"author":[{"embeddable":true,"href":"https:\/\/aglae.org\/index.php\/wp-json\/wp\/v2\/users\/1"}],"replies":[{"embeddable":true,"href":"https:\/\/aglae.org\/index.php\/wp-json\/wp\/v2\/comments?post=85"}],"version-history":[{"count":4,"href":"https:\/\/aglae.org\/index.php\/wp-json\/wp\/v2\/pages\/85\/revisions"}],"predecessor-version":[{"id":448,"href":"https:\/\/aglae.org\/index.php\/wp-json\/wp\/v2\/pages\/85\/revisions\/448"}],"wp:attachment":[{"href":"https:\/\/aglae.org\/index.php\/wp-json\/wp\/v2\/media?parent=85"}],"curies":[{"name":"wp","href":"https:\/\/api.w.org\/{rel}","templated":true}]}}