{"id":87,"date":"2016-12-02T11:05:02","date_gmt":"2016-12-02T10:05:02","guid":{"rendered":"http:\/\/aglae.org\/?page_id=87"},"modified":"2025-11-03T11:56:43","modified_gmt":"2025-11-03T10:56:43","slug":"lequipe-danimation","status":"publish","type":"page","link":"https:\/\/aglae.org\/index.php\/lequipe-danimation\/","title":{"rendered":"L&#8217;\u00e9quipe d&#8217;animation"},"content":{"rendered":"<p>Pour encadrer les enfants les mercredis et lors des accueils p\u00e9riscolaires, une \u00e9quipe de six animateurs permanents est n\u00e9cessaire (direction comprise).<\/p>\n<p>Tous titulaires d\u2019un Brevet Professionnel de la Jeunesse et de l\u2019Education Populaire avec les comp\u00e9tences les plus diversifi\u00e9es possibles. Ils encadrent les \u00e9quipes d\u2019animateurs volontaires qui viennent compl\u00e9ter nos \u00e9quipes les mercredis et sur les s\u00e9jours de vacances.<\/p>\n<p>Les animateurs volontaires sont dipl\u00f4m\u00e9s ou en cours de formation BAFA (Brevet d\u2019Aptitude aux Fonctions d\u2019Animation).<\/p>\n<ul>\n<li>V\u00e9ronique DOUDEMENT : Directrice de l&#8217;ACM<\/li>\n<li>Ang\u00e9lique CHAMPEYROL : Directrice adjointe<\/li>\n<li>Rodolphe HAGUET : Animateur \/ Directeur de s\u00e9jours<\/li>\n<li>Meyll GRIEUX :\u00a0 Animatrice<\/li>\n<li>Leila MOHAMED : Animatrice \/ Directrice de s\u00e9jours<\/li>\n<li>Wassim MOHAMED : Animateur<\/li>\n<li>Ulkuhan RADI : Animatrice<\/li>\n<\/ul>\n","protected":false},"excerpt":{"rendered":"<p>Pour encadrer les enfants les mercredis et lors des accueils <a class=\"more-link\" href=\"https:\/\/aglae.org\/index.php\/lequipe-danimation\/\">En savoir plus&#8230;<\/a><\/p>\n","protected":false},"author":1,"featured_media":0,"parent":0,"menu_order":0,"comment_status":"closed","ping_status":"closed","template":"","meta":[],"_links":{"self":[{"href":"https:\/\/aglae.org\/index.php\/wp-json\/wp\/v2\/pages\/87"}],"collection":[{"href":"https:\/\/aglae.org\/index.php\/wp-json\/wp\/v2\/pages"}],"about":[{"href":"https:\/\/aglae.org\/index.php\/wp-json\/wp\/v2\/types\/page"}],"author":[{"embeddable":true,"href":"https:\/\/aglae.org\/index.php\/wp-json\/wp\/v2\/users\/1"}],"replies":[{"embeddable":true,"href":"https:\/\/aglae.org\/index.php\/wp-json\/wp\/v2\/comments?post=87"}],"version-history":[{"count":8,"href":"https:\/\/aglae.org\/index.php\/wp-json\/wp\/v2\/pages\/87\/revisions"}],"predecessor-version":[{"id":984,"href":"https:\/\/aglae.org\/index.php\/wp-json\/wp\/v2\/pages\/87\/revisions\/984"}],"wp:attachment":[{"href":"https:\/\/aglae.org\/index.php\/wp-json\/wp\/v2\/media?parent=87"}],"curies":[{"name":"wp","href":"https:\/\/api.w.org\/{rel}","templated":true}]}}