{"id":91,"date":"2016-12-02T11:05:47","date_gmt":"2016-12-02T10:05:47","guid":{"rendered":"http:\/\/aglae.org\/?page_id=91"},"modified":"2016-12-08T17:03:16","modified_gmt":"2016-12-08T16:03:16","slug":"pedagogie","status":"publish","type":"page","link":"https:\/\/aglae.org\/index.php\/pedagogie\/","title":{"rendered":"P\u00e9dagogie"},"content":{"rendered":"<p><img decoding=\"async\" loading=\"lazy\" class=\"size-medium wp-image-196 alignright\" src=\"http:\/\/aglae.org\/wp-content\/uploads\/2016\/12\/DSCN3176-1-300x169.jpg\" alt=\"dscn3176\" width=\"300\" height=\"169\" srcset=\"https:\/\/aglae.org\/wp-content\/uploads\/2016\/12\/DSCN3176-1-300x169.jpg 300w, https:\/\/aglae.org\/wp-content\/uploads\/2016\/12\/DSCN3176-1-768x432.jpg 768w, https:\/\/aglae.org\/wp-content\/uploads\/2016\/12\/DSCN3176-1-1024x576.jpg 1024w, https:\/\/aglae.org\/wp-content\/uploads\/2016\/12\/DSCN3176-1-350x197.jpg 350w, https:\/\/aglae.org\/wp-content\/uploads\/2016\/12\/DSCN3176-1-860x484.jpg 860w\" sizes=\"(max-width: 300px) 100vw, 300px\" \/>Pour mettre en place le projet associatif, les \u00e9quipes d\u2019animation d\u00e9veloppent une p\u00e9dagogie active en pla\u00e7ant l\u2019enfant au cour de la d\u00e9marche.<\/p>\n<p>Notre projet n\u2019est pas une simple consommation d\u2019activit\u00e9s mais bien un projet collectif de \u00ab vivre ensemble \u00bb o\u00f9 chaque enfant pourra :<\/p>\n<ul>\n<li>Rencontrer de nouveaux copains<\/li>\n<li>D\u00e9couvrir de nouvelles activit\u00e9s<\/li>\n<li>Jouer et s\u2019amuser<\/li>\n<li>S\u2019inventer des mondes imaginaires et r\u00eaver<\/li>\n<li>Se reposer et\/ou prendre son temps.<\/li>\n<\/ul>\n<p>&nbsp;<\/p>\n","protected":false},"excerpt":{"rendered":"<p>Pour mettre en place le projet associatif, les \u00e9quipes d\u2019animation <a class=\"more-link\" href=\"https:\/\/aglae.org\/index.php\/pedagogie\/\">En savoir plus&#8230;<\/a><\/p>\n","protected":false},"author":1,"featured_media":0,"parent":0,"menu_order":0,"comment_status":"closed","ping_status":"closed","template":"","meta":[],"_links":{"self":[{"href":"https:\/\/aglae.org\/index.php\/wp-json\/wp\/v2\/pages\/91"}],"collection":[{"href":"https:\/\/aglae.org\/index.php\/wp-json\/wp\/v2\/pages"}],"about":[{"href":"https:\/\/aglae.org\/index.php\/wp-json\/wp\/v2\/types\/page"}],"author":[{"embeddable":true,"href":"https:\/\/aglae.org\/index.php\/wp-json\/wp\/v2\/users\/1"}],"replies":[{"embeddable":true,"href":"https:\/\/aglae.org\/index.php\/wp-json\/wp\/v2\/comments?post=91"}],"version-history":[{"count":4,"href":"https:\/\/aglae.org\/index.php\/wp-json\/wp\/v2\/pages\/91\/revisions"}],"predecessor-version":[{"id":288,"href":"https:\/\/aglae.org\/index.php\/wp-json\/wp\/v2\/pages\/91\/revisions\/288"}],"wp:attachment":[{"href":"https:\/\/aglae.org\/index.php\/wp-json\/wp\/v2\/media?parent=91"}],"curies":[{"name":"wp","href":"https:\/\/api.w.org\/{rel}","templated":true}]}}