{"id":97,"date":"2016-12-02T11:07:40","date_gmt":"2016-12-02T10:07:40","guid":{"rendered":"http:\/\/aglae.org\/?page_id=97"},"modified":"2025-11-03T11:06:03","modified_gmt":"2025-11-03T10:06:03","slug":"accueils-peri-scolaires","status":"publish","type":"page","link":"https:\/\/aglae.org\/index.php\/accueils-peri-scolaires\/","title":{"rendered":"Accueils p\u00e9ri-scolaires"},"content":{"rendered":"<p style=\"text-align: justify;\">Les enfants peuvent participer \u00e0 des activit\u00e9s diverses (cuisine, jeux de soci\u00e9t\u00e9, marionnettes, bricolage, etc.) ou s\u2019inscrire dans les projets d\u2019activit\u00e9s en cours (f\u00eate du jeu, carnaval, etc.). Ils ont \u00e9galement la possibilit\u00e9 de commencer leurs devoirs.<\/p>\n<p><img decoding=\"async\" loading=\"lazy\" class=\"wp-image-483 aligncenter\" src=\"http:\/\/aglae.org\/wp-content\/uploads\/2016\/12\/gouter-a-aglae-561x316-custom.jpg\" alt=\"\" width=\"561\" height=\"316\" \/><\/p>\n<h3>Horaires<\/h3>\n<p>D\u00e8s la fin de la classes, des animateurs prennent en charge les enfants \u00e0 la sortie de l\u2019\u00e9cole pour les primaires et dans les classes pour les maternelles. Le trajet jusqu\u2019\u00e0 AGLAE se fait sous la responsabilit\u00e9 de l\u2019association, par le bus communal. L\u2019accueil se fait au centre de Loisirs AGLAE. Un go\u00fbter est servi aux enfants et des activit\u00e9s leur sont propos\u00e9es jusqu\u2019\u00e0 18h30.<\/p>\n<p style=\"text-align: justify;\"><img decoding=\"async\" loading=\"lazy\" class=\"wp-image-498 size-medium aligncenter\" src=\"http:\/\/aglae.org\/wp-content\/uploads\/2016\/12\/GROUPE-ENFANTS-FLOU-300x225.jpg\" alt=\"\" width=\"300\" height=\"225\" srcset=\"https:\/\/aglae.org\/wp-content\/uploads\/2016\/12\/GROUPE-ENFANTS-FLOU-300x225.jpg 300w, https:\/\/aglae.org\/wp-content\/uploads\/2016\/12\/GROUPE-ENFANTS-FLOU-768x576.jpg 768w, https:\/\/aglae.org\/wp-content\/uploads\/2016\/12\/GROUPE-ENFANTS-FLOU-1024x768.jpg 1024w\" sizes=\"(max-width: 300px) 100vw, 300px\" \/><\/p>\n<h3 style=\"text-align: justify;\">Modalit\u00e9s d&#8217;inscription<\/h3>\n<p style=\"text-align: justify;\">L\u2019inscription se fait \u00e0 l\u2019ann\u00e9e suivant deux modalit\u00e9s :<br \/>\n&#8211; Les enfants sont inscrits r\u00e9guli\u00e8rement et vous pr\u00e9venez en cas d\u2019absence (toute absence non pr\u00e9venue 48h \u00e0 l\u2019avance donne lieu \u00e0 facturation).<br \/>\n&#8211; Les enfants sont inscrits de mani\u00e8re occasionnelle et vous pr\u00e9venez 48h \u00e0 l\u2019avance de la pr\u00e9sence de vos enfants qui ne seront accueillis qu\u2019en fonction des places disponibles.<\/p>\n<h3 style=\"text-align: justify;\">Tarifs<\/h3>\n<p><a href=\"http:\/\/aglae.org\/index.php\/inscriptions-et-tarifs\/\">Les tarifs de l&#8217;accueil p\u00e9riscolaire.<\/a><\/p>\n","protected":false},"excerpt":{"rendered":"<p>Les enfants peuvent participer \u00e0 des activit\u00e9s diverses (cuisine, jeux <a class=\"more-link\" href=\"https:\/\/aglae.org\/index.php\/accueils-peri-scolaires\/\">En savoir plus&#8230;<\/a><\/p>\n","protected":false},"author":1,"featured_media":0,"parent":0,"menu_order":0,"comment_status":"closed","ping_status":"closed","template":"","meta":[],"_links":{"self":[{"href":"https:\/\/aglae.org\/index.php\/wp-json\/wp\/v2\/pages\/97"}],"collection":[{"href":"https:\/\/aglae.org\/index.php\/wp-json\/wp\/v2\/pages"}],"about":[{"href":"https:\/\/aglae.org\/index.php\/wp-json\/wp\/v2\/types\/page"}],"author":[{"embeddable":true,"href":"https:\/\/aglae.org\/index.php\/wp-json\/wp\/v2\/users\/1"}],"replies":[{"embeddable":true,"href":"https:\/\/aglae.org\/index.php\/wp-json\/wp\/v2\/comments?post=97"}],"version-history":[{"count":27,"href":"https:\/\/aglae.org\/index.php\/wp-json\/wp\/v2\/pages\/97\/revisions"}],"predecessor-version":[{"id":619,"href":"https:\/\/aglae.org\/index.php\/wp-json\/wp\/v2\/pages\/97\/revisions\/619"}],"wp:attachment":[{"href":"https:\/\/aglae.org\/index.php\/wp-json\/wp\/v2\/media?parent=97"}],"curies":[{"name":"wp","href":"https:\/\/api.w.org\/{rel}","templated":true}]}}